{"id":514,"date":"2018-11-19T18:31:20","date_gmt":"2018-11-19T17:31:20","guid":{"rendered":"https:\/\/gites-de-jenneret.be\/?page_id=514"},"modified":"2024-12-01T15:42:48","modified_gmt":"2024-12-01T14:42:48","slug":"activites","status":"publish","type":"page","link":"https:\/\/gites-de-jenneret.be\/nl\/activites\/","title":{"rendered":"Activiteiten"},"content":{"rendered":"<div class=\"row\">\n\n                 \n<div class=\"col-md-6\">\n\n                 \n<h3>Culturelen activiteiten<\/h3>\n<p>Bezoek van het dorp<br \/>\nDurbuy &#8216;darut.be&#8217;<br \/>\nCh\u00e2teau de Modave<br \/>\nRuines de Logne<br \/>\nM\u00e9galites \u00e0 W\u00e9ris<br \/>\nTopiaires \u00e0 Durbuy<br \/>\nGrottes de Hotton<br \/>\nFort de Huy<br \/>\nLabyrinthus \u00e0 Durbuy<br \/>\nParc animalier \u00e0 Aywaille<br \/>\nRivero \u00e0 Hotton<\/p>\n\n\t            \n\t           <!-- END .col -->\n\t           <\/div>\n<div class=\"col-md-6\">\n\n                 \n<h3>Sportactiviteiten<\/h3>\n<p>Durbuy Adventure<br \/>\nGolfs de M\u00e9an et de Durbuy<br \/>\nKayak s\/Ourthe &#8216;ourthe et aisne&#8217;<br \/>\nWandel en fietsroutes<\/p>\n<h3>Gastronomie<\/h3>\n<p>Soheit-Tinlot: Coq au champ (\u00e9toil\u00e9)<br \/>\nDurbuy: O Durbuy<br \/>\nBende: la Ferme des Oliviers<br \/>\nPotager bio dans le village de Jenneret<\/p>\n\n\t            \n\t           <!-- END .col -->\n\t           <\/div>\n\n\t            \n\t           <!-- END .row -->\n\t           <\/div>\n","protected":false},"excerpt":{"rendered":"","protected":false},"author":1,"featured_media":0,"parent":0,"menu_order":0,"comment_status":"closed","ping_status":"closed","template":"","meta":{"footnotes":""},"class_list":["post-514","page","type-page","status-publish","hentry"],"translation":{"provider":"WPGlobus","version":"3.0.2","language":"nl","enabled_languages":["fr","nl"],"languages":{"fr":{"title":true,"content":true,"excerpt":false},"nl":{"title":true,"content":true,"excerpt":false}}},"_links":{"self":[{"href":"https:\/\/gites-de-jenneret.be\/nl\/wp-json\/wp\/v2\/pages\/514","targetHints":{"allow":["GET"]}}],"collection":[{"href":"https:\/\/gites-de-jenneret.be\/nl\/wp-json\/wp\/v2\/pages"}],"about":[{"href":"https:\/\/gites-de-jenneret.be\/nl\/wp-json\/wp\/v2\/types\/page"}],"author":[{"embeddable":true,"href":"https:\/\/gites-de-jenneret.be\/nl\/wp-json\/wp\/v2\/users\/1"}],"replies":[{"embeddable":true,"href":"https:\/\/gites-de-jenneret.be\/nl\/wp-json\/wp\/v2\/comments?post=514"}],"version-history":[{"count":21,"href":"https:\/\/gites-de-jenneret.be\/nl\/wp-json\/wp\/v2\/pages\/514\/revisions"}],"predecessor-version":[{"id":722,"href":"https:\/\/gites-de-jenneret.be\/nl\/wp-json\/wp\/v2\/pages\/514\/revisions\/722"}],"wp:attachment":[{"href":"https:\/\/gites-de-jenneret.be\/nl\/wp-json\/wp\/v2\/media?parent=514"}],"curies":[{"name":"wp","href":"https:\/\/api.w.org\/{rel}","templated":true}]}}